{"id":32,"date":"2015-01-09T15:41:33","date_gmt":"2015-01-09T13:41:33","guid":{"rendered":"http:\/\/www.automato.sk\/?page_id=32"},"modified":"2015-01-09T15:41:33","modified_gmt":"2015-01-09T13:41:33","slug":"pneuservis","status":"publish","type":"page","link":"https:\/\/www.automato.sk\/?page_id=32","title":{"rendered":"Pneuservis"},"content":{"rendered":"<p>Pon\u00fakame aj slu\u017eby pneuservisu:<\/p>\n<ul>\n<li>predaj, objedn\u00e1vanie pneumat\u00edk, diskov a pr\u00edslu\u0161enstva pre pneuservis<\/li>\n<li>obutie pneumat\u00edk na plechov\u00e9 alebo hlin\u00edkov\u00e9 disky<\/li>\n<li>prez\u00favanie kolies automobilu (letn\u00e1\/zimn\u00e1, zimn\u00e1\/letn\u00e1 sez\u00f3na)<\/li>\n<li>vyza\u017eovanie kolies pred nahoden\u00edm na auto<\/li>\n<\/ul>\n","protected":false},"excerpt":{"rendered":"<p>Pon\u00fakame aj slu\u017eby pneuservisu: predaj, objedn\u00e1vanie pneumat\u00edk, diskov a pr\u00edslu\u0161enstva pre pneuservis obutie pneumat\u00edk na plechov\u00e9 alebo hlin\u00edkov\u00e9 disky prez\u00favanie kolies automobilu (letn\u00e1\/zimn\u00e1, zimn\u00e1\/letn\u00e1 sez\u00f3na) vyza\u017eovanie kolies pred nahoden\u00edm na auto<\/p>\n","protected":false},"author":1,"featured_media":0,"parent":0,"menu_order":0,"comment_status":"closed","ping_status":"closed","template":"","meta":{"footnotes":""},"class_list":["post-32","page","type-page","status-publish","hentry"],"_links":{"self":[{"href":"https:\/\/www.automato.sk\/index.php?rest_route=\/wp\/v2\/pages\/32","targetHints":{"allow":["GET"]}}],"collection":[{"href":"https:\/\/www.automato.sk\/index.php?rest_route=\/wp\/v2\/pages"}],"about":[{"href":"https:\/\/www.automato.sk\/index.php?rest_route=\/wp\/v2\/types\/page"}],"author":[{"embeddable":true,"href":"https:\/\/www.automato.sk\/index.php?rest_route=\/wp\/v2\/users\/1"}],"replies":[{"embeddable":true,"href":"https:\/\/www.automato.sk\/index.php?rest_route=%2Fwp%2Fv2%2Fcomments&post=32"}],"version-history":[{"count":1,"href":"https:\/\/www.automato.sk\/index.php?rest_route=\/wp\/v2\/pages\/32\/revisions"}],"predecessor-version":[{"id":33,"href":"https:\/\/www.automato.sk\/index.php?rest_route=\/wp\/v2\/pages\/32\/revisions\/33"}],"wp:attachment":[{"href":"https:\/\/www.automato.sk\/index.php?rest_route=%2Fwp%2Fv2%2Fmedia&parent=32"}],"curies":[{"name":"wp","href":"https:\/\/api.w.org\/{rel}","templated":true}]}}