{"id":28,"date":"2015-01-09T15:39:19","date_gmt":"2015-01-09T13:39:19","guid":{"rendered":"http:\/\/www.automato.sk\/?page_id=28"},"modified":"2015-01-09T15:39:19","modified_gmt":"2015-01-09T13:39:19","slug":"kontakty-2","status":"publish","type":"page","link":"https:\/\/www.automato.sk\/?page_id=28","title":{"rendered":"Kontakty"},"content":{"rendered":"<p>Martin HANKO &#8211; autoservis<\/p>\n<p>K\u0161inn\u00e1 2<\/p>\n<p>Slovesnko<\/p>\n<p>I\u010cO: 46077413<\/p>\n<p><strong>mobil: +421 908 248 609<\/strong><\/p>\n<p><strong>e-mail: servis@automato.sk<\/strong><\/p>\n<p>web: automato.sk<\/p>\n","protected":false},"excerpt":{"rendered":"<p>Martin HANKO &#8211; autoservis K\u0161inn\u00e1 2 Slovesnko I\u010cO: 46077413 mobil: +421 908 248 609 e-mail: servis@automato.sk web: automato.sk<\/p>\n","protected":false},"author":1,"featured_media":0,"parent":0,"menu_order":0,"comment_status":"closed","ping_status":"closed","template":"","meta":{"footnotes":""},"class_list":["post-28","page","type-page","status-publish","hentry"],"_links":{"self":[{"href":"https:\/\/www.automato.sk\/index.php?rest_route=\/wp\/v2\/pages\/28","targetHints":{"allow":["GET"]}}],"collection":[{"href":"https:\/\/www.automato.sk\/index.php?rest_route=\/wp\/v2\/pages"}],"about":[{"href":"https:\/\/www.automato.sk\/index.php?rest_route=\/wp\/v2\/types\/page"}],"author":[{"embeddable":true,"href":"https:\/\/www.automato.sk\/index.php?rest_route=\/wp\/v2\/users\/1"}],"replies":[{"embeddable":true,"href":"https:\/\/www.automato.sk\/index.php?rest_route=%2Fwp%2Fv2%2Fcomments&post=28"}],"version-history":[{"count":1,"href":"https:\/\/www.automato.sk\/index.php?rest_route=\/wp\/v2\/pages\/28\/revisions"}],"predecessor-version":[{"id":29,"href":"https:\/\/www.automato.sk\/index.php?rest_route=\/wp\/v2\/pages\/28\/revisions\/29"}],"wp:attachment":[{"href":"https:\/\/www.automato.sk\/index.php?rest_route=%2Fwp%2Fv2%2Fmedia&parent=28"}],"curies":[{"name":"wp","href":"https:\/\/api.w.org\/{rel}","templated":true}]}}